{"id":305,"date":"2026-01-17T22:32:16","date_gmt":"2026-01-17T22:32:16","guid":{"rendered":"https:\/\/mvpfahlheim.de\/?page_id=305"},"modified":"2026-01-19T21:27:38","modified_gmt":"2026-01-19T21:27:38","slug":"musikfest-55-jahre-musikverein-trachtenkapelle-pfahlheim-e-v","status":"publish","type":"page","link":"https:\/\/mvpfahlheim.de\/?page_id=305","title":{"rendered":"Musikfest-55 Jahre Musikverein Trachtenkapelle Pfahlheim e.V."},"content":{"rendered":"\n<figure class=\"wp-block-image size-full\"><img loading=\"lazy\" decoding=\"async\" width=\"757\" height=\"1053\" src=\"https:\/\/mvpfahlheim.de\/wp-content\/uploads\/2026\/01\/Musikfest-55-Jahre-MV-Pfahlheim-1.jpg\" alt=\"\" class=\"wp-image-309\" srcset=\"https:\/\/mvpfahlheim.de\/wp-content\/uploads\/2026\/01\/Musikfest-55-Jahre-MV-Pfahlheim-1.jpg 757w, https:\/\/mvpfahlheim.de\/wp-content\/uploads\/2026\/01\/Musikfest-55-Jahre-MV-Pfahlheim-1-216x300.jpg 216w, https:\/\/mvpfahlheim.de\/wp-content\/uploads\/2026\/01\/Musikfest-55-Jahre-MV-Pfahlheim-1-736x1024.jpg 736w\" sizes=\"auto, (max-width: 706px) 89vw, (max-width: 767px) 82vw, 740px\" \/><\/figure>\n\n\n\n<p><\/p>\n\n\n\n<p>Wir feiern Jubil\u00e4um und laden euch herzlich zu unserem <strong>gro\u00dfen Festwochenende vom 12.\u201314.06.2026<\/strong> auf den Festplatz neben der Kastellhalle in Pfahlheim ein. Freut euch auf drei Tage Musik, Stimmung und Gemeinschaft f\u00fcr Jung und Alt!<\/p>\n\n\n\n<h1 class=\"wp-block-heading\">Freitag, 12.06.2026 \u2013 Eintritt frei<\/h1>\n\n\n\n<p>Der Jubil\u00e4umsauftakt startet mit einem abwechslungsreichen Musikabend:<br>Trachtenkapelle Marktoffingen, The Rackets und DJ Schlieda sorgen f\u00fcr beste Unterhaltung und Partystimmung.<br><strong>Eintritt frei \u2013 ideal f\u00fcr Jung &amp; Alt!<\/strong><\/p>\n\n\n\n<h1 class=\"wp-block-heading\">Samstag, 13.06.2026 \u2013 Alpenblech live im Festzelt<\/h1>\n\n\n\n<p>Seit 2005 ist die Formation um Gr\u00fcnder Klaus Schw\u00e4rzler auf den B\u00fchnen im In- und Ausland unterwegs. Die sieben studierten Profi-Musiker vereinen h\u00f6chste musikalische Pr\u00e4zision mit sp\u00fcrbarer Spielfreude und echter Leidenschaft.<\/p>\n\n\n\n<p>Ihr unverwechselbarer \u201eAlpenblech-Sound\u201c entsteht aus Einfl\u00fcssen der Egerl\u00e4nder Musik, Oberkrainer- und Tanzlmusi, Klassik, BrassBand-, BigBand- sowie moderner Blasmusik. Das Repertoire reicht von Mosch-Klassikern \u00fcber eigens f\u00fcr Alpenblech geschriebene Werke bis hin zu modernen Titeln verschiedenster Stilrichtungen. Virtuose und emotionale Soli machen jedes Konzert zu einem besonderen Erlebnis \u2013 und sorgen daf\u00fcr, dass Festzelt und Publikum garantiert zum Beben gebracht werden.<br><\/p>\n\n\n\n<p>&#x1f39f; <strong>Eintritt:<\/strong> 15 \u20ac im Vorverkauf | 18 \u20ac an der Abendkasse<\/p>\n\n\n\n<p>&#x27a1;&#xfe0f; <strong>Kartenvorverkauf Alpenblech:<\/strong><br><a href=\"https:\/\/www.eventim-light.com\/de\/a\/67a506f54b8ab253d5825e08\/iframe\/e\/69149a7b6d7bde1106a150cc\/\">https:\/\/www.eventim-light.com\/de\/a\/67a506f54b8ab253d5825e08\/iframe\/e\/69149a7b6d7bde1106a150cc\/<\/a><\/p>\n\n\n\n<figure class=\"wp-block-image size-full\"><img loading=\"lazy\" decoding=\"async\" width=\"755\" height=\"1059\" src=\"https:\/\/mvpfahlheim.de\/wp-content\/uploads\/2026\/01\/Festwochenende-Alpenblech-1.jpg\" alt=\"\" class=\"wp-image-310\" srcset=\"https:\/\/mvpfahlheim.de\/wp-content\/uploads\/2026\/01\/Festwochenende-Alpenblech-1.jpg 755w, https:\/\/mvpfahlheim.de\/wp-content\/uploads\/2026\/01\/Festwochenende-Alpenblech-1-214x300.jpg 214w, https:\/\/mvpfahlheim.de\/wp-content\/uploads\/2026\/01\/Festwochenende-Alpenblech-1-730x1024.jpg 730w\" sizes=\"auto, (max-width: 706px) 89vw, (max-width: 767px) 82vw, 740px\" \/><\/figure>\n\n\n\n<h1 class=\"wp-block-heading\">Sonntag, 14.06.2026 \u2013 Kinder- &amp; Ortschaftsfest<\/h1>\n\n\n\n<p>Der Sonntag steht ganz im Zeichen von Familie und Tradition. Beim Kinder- und Ortschaftsfest mit Festumzug spielen im Festzelt die Limes-Jugendkapelle, die Trachtenkids und der Musikverein Fremdingen.<\/p>\n","protected":false},"excerpt":{"rendered":"<p>Wir feiern Jubil\u00e4um und laden euch herzlich zu unserem gro\u00dfen Festwochenende vom 12.\u201314.06.2026 auf den Festplatz neben der Kastellhalle in Pfahlheim ein. Freut euch auf drei Tage Musik, Stimmung und Gemeinschaft f\u00fcr Jung und Alt! Freitag, 12.06.2026 \u2013 Eintritt frei Der Jubil\u00e4umsauftakt startet mit einem abwechslungsreichen Musikabend:Trachtenkapelle Marktoffingen, The Rackets und DJ Schlieda sorgen f\u00fcr &hellip; <\/p>\n<p class=\"link-more\"><a href=\"https:\/\/mvpfahlheim.de\/?page_id=305\" class=\"more-link\"><span class=\"screen-reader-text\">\u201eMusikfest-55 Jahre Musikverein Trachtenkapelle Pfahlheim e.V.\u201c<\/span> weiterlesen<\/a><\/p>\n","protected":false},"author":2,"featured_media":0,"parent":0,"menu_order":0,"comment_status":"closed","ping_status":"closed","template":"","meta":{"footnotes":""},"class_list":["post-305","page","type-page","status-publish","hentry"],"_links":{"self":[{"href":"https:\/\/mvpfahlheim.de\/index.php?rest_route=\/wp\/v2\/pages\/305","targetHints":{"allow":["GET"]}}],"collection":[{"href":"https:\/\/mvpfahlheim.de\/index.php?rest_route=\/wp\/v2\/pages"}],"about":[{"href":"https:\/\/mvpfahlheim.de\/index.php?rest_route=\/wp\/v2\/types\/page"}],"author":[{"embeddable":true,"href":"https:\/\/mvpfahlheim.de\/index.php?rest_route=\/wp\/v2\/users\/2"}],"replies":[{"embeddable":true,"href":"https:\/\/mvpfahlheim.de\/index.php?rest_route=%2Fwp%2Fv2%2Fcomments&post=305"}],"version-history":[{"count":1,"href":"https:\/\/mvpfahlheim.de\/index.php?rest_route=\/wp\/v2\/pages\/305\/revisions"}],"predecessor-version":[{"id":311,"href":"https:\/\/mvpfahlheim.de\/index.php?rest_route=\/wp\/v2\/pages\/305\/revisions\/311"}],"wp:attachment":[{"href":"https:\/\/mvpfahlheim.de\/index.php?rest_route=%2Fwp%2Fv2%2Fmedia&parent=305"}],"curies":[{"name":"wp","href":"https:\/\/api.w.org\/{rel}","templated":true}]}}