{"id":25,"date":"2023-09-11T21:38:33","date_gmt":"2023-09-11T21:38:33","guid":{"rendered":"http:\/\/h562762.web290.dogado.net\/wp20230605\/?page_id=25"},"modified":"2024-02-20T12:11:21","modified_gmt":"2024-02-20T12:11:21","slug":"chronik","status":"publish","type":"page","link":"http:\/\/mvpfahlheim.de\/?page_id=25","title":{"rendered":"Chronik"},"content":{"rendered":"\n<p><strong><br>Unsere Chronik wurde ausf\u00fchrlich in unserem Jubil\u00e4umsbuch dokumentiert. Viel Spa\u00df beim Durchbl\u00e4ttern und Nachlesen.<\/strong><\/p>\n\n\n\n<div class=\"_df_book df-lite\" id=\"df_65\"  _slug=\"65\" data-title=\"mv-pfahlheim-50-jahre\" wpoptions=\"true\" thumb=\"http:\/\/mvpfahlheim.de\/wp-content\/uploads\/2023\/09\/Buch_50Jahre_MV-Pfahlheim-1_Thumbnail.png\" thumbtype=\"\" ><\/div><script class=\"df-shortcode-script\" nowprocket type=\"application\/javascript\">window.option_df_65 = {\"outline\":[],\"autoEnableOutline\":\"false\",\"autoEnableThumbnail\":\"false\",\"overwritePDFOutline\":\"false\",\"enableDownload\":\"false\",\"direction\":\"1\",\"pageSize\":\"0\",\"source\":\"http:\\\/\\\/mvpfahlheim.de\\\/wp-content\\\/uploads\\\/2023\\\/09\\\/Buch_50Jahre_MV-Pfahlheim-1.pdf\",\"wpOptions\":\"true\"}; if(window.DFLIP && window.DFLIP.parseBooks){window.DFLIP.parseBooks();}<\/script>\n\n\n\n<p><br>Wenn Sie unser Jubil\u00e4umsbuch in gedruckter Version haben m\u00f6chten, melden Sie sich einfach per E-Mail unter <a href=\"mailto:info@mvpfahlheim.de\">info@mvpfahlheim.de<\/a> . Gerne senden wir Ihnen unser Jubil\u00e4umsbuch zu.<\/p>\n","protected":false},"excerpt":{"rendered":"<p>Unsere Chronik wurde ausf\u00fchrlich in unserem Jubil\u00e4umsbuch dokumentiert. Viel Spa\u00df beim Durchbl\u00e4ttern und Nachlesen. Wenn Sie unser Jubil\u00e4umsbuch in gedruckter Version haben m\u00f6chten, melden Sie sich einfach per E-Mail unter info@mvpfahlheim.de . Gerne senden wir Ihnen unser Jubil\u00e4umsbuch zu.<\/p>\n","protected":false},"author":1,"featured_media":0,"parent":0,"menu_order":0,"comment_status":"closed","ping_status":"closed","template":"","meta":{"footnotes":""},"class_list":["post-25","page","type-page","status-publish","hentry"],"_links":{"self":[{"href":"http:\/\/mvpfahlheim.de\/index.php?rest_route=\/wp\/v2\/pages\/25","targetHints":{"allow":["GET"]}}],"collection":[{"href":"http:\/\/mvpfahlheim.de\/index.php?rest_route=\/wp\/v2\/pages"}],"about":[{"href":"http:\/\/mvpfahlheim.de\/index.php?rest_route=\/wp\/v2\/types\/page"}],"author":[{"embeddable":true,"href":"http:\/\/mvpfahlheim.de\/index.php?rest_route=\/wp\/v2\/users\/1"}],"replies":[{"embeddable":true,"href":"http:\/\/mvpfahlheim.de\/index.php?rest_route=%2Fwp%2Fv2%2Fcomments&post=25"}],"version-history":[{"count":7,"href":"http:\/\/mvpfahlheim.de\/index.php?rest_route=\/wp\/v2\/pages\/25\/revisions"}],"predecessor-version":[{"id":192,"href":"http:\/\/mvpfahlheim.de\/index.php?rest_route=\/wp\/v2\/pages\/25\/revisions\/192"}],"wp:attachment":[{"href":"http:\/\/mvpfahlheim.de\/index.php?rest_route=%2Fwp%2Fv2%2Fmedia&parent=25"}],"curies":[{"name":"wp","href":"https:\/\/api.w.org\/{rel}","templated":true}]}}