{"id":17,"date":"2023-09-08T20:55:57","date_gmt":"2023-09-08T20:55:57","guid":{"rendered":"http:\/\/h562762.web290.dogado.net\/wp20230605\/?page_id=17"},"modified":"2025-07-27T19:36:17","modified_gmt":"2025-07-27T19:36:17","slug":"jugendorchester","status":"publish","type":"page","link":"http:\/\/mvpfahlheim.de\/?page_id=17","title":{"rendered":"Jugendorchester"},"content":{"rendered":"\n<p><\/p>\n\n\n\n<h4 class=\"wp-block-heading\">Bl\u00e4serklasse \u2013 Der erste Schritt in eine Musikerkarriere<\/h4>\n\n\n\n<p>Die Bl\u00e4serklasse ist im Musikverein der erste Schritt zum Erlernen eines Instruments und gemeinsamen Musizierens in einer Gruppe. Die Kinder k\u00f6nnen ab der 3. Klasse die Ausbildung an einem Blasinstrument starten. Oftmals beginnen die Kinder bereits in der zweiten Klasse in der Fl\u00f6tengruppe, um sich hier bereits erste Grundkenntnisse anzueignen.<\/p>\n\n\n\n<p>Als Kooperation mit der Kastellschule Pfahlheim und der Musikschule Ellwangen bieten wir im Rahmen der Schulzeiten den Unterricht in kleinen Gruppen an. Nach ein paar Monaten, nachdem die ersten T\u00f6ne funktionieren, treffen sich die Kinder einmal in der Woche, um gemeinsam das Spielen in einem Ensemble zu lernen. Denn gemeinsam Musizieren macht einfach mehr Spa\u00df als nur alleine zu \u00fcben. Erste kleinere Auftritte im Rahmen von Veranstaltungen der Grundschule und des Musikvereins geh\u00f6ren zu den ersten Highlights, um das Erlernte auch vor Publikum vorzutragen. Unter anderem sind erste Anl\u00e4sse die adventliche Stunde der Kastellschule oder der vereinsinterne j\u00e4hrliche \u201eTag der Jugend\u201c, an dem die Familien der Kinder eingeladen sind.<\/p>\n\n\n\n<h4 class=\"wp-block-heading\">Trachtenkids \u2013 Sch\u00fclerorchester &#8211; Erstes kleines Blasorchester<\/h4>\n\n\n\n<figure class=\"wp-block-image size-large\"><img loading=\"lazy\" decoding=\"async\" width=\"1024\" height=\"683\" src=\"https:\/\/mvpfahlheim.de\/wp-content\/uploads\/2025\/07\/Trachtenkids-1024x683.jpg\" alt=\"\" class=\"wp-image-286\" srcset=\"http:\/\/mvpfahlheim.de\/wp-content\/uploads\/2025\/07\/Trachtenkids-1024x683.jpg 1024w, http:\/\/mvpfahlheim.de\/wp-content\/uploads\/2025\/07\/Trachtenkids-300x200.jpg 300w, http:\/\/mvpfahlheim.de\/wp-content\/uploads\/2025\/07\/Trachtenkids-768x512.jpg 768w, http:\/\/mvpfahlheim.de\/wp-content\/uploads\/2025\/07\/Trachtenkids-1536x1024.jpg 1536w, http:\/\/mvpfahlheim.de\/wp-content\/uploads\/2025\/07\/Trachtenkids-2048x1365.jpg 2048w\" sizes=\"auto, (max-width: 767px) 89vw, (max-width: 1000px) 54vw, (max-width: 1071px) 543px, 580px\" \/><\/figure>\n\n\n\n<p>Nach der Bl\u00e4serklasse musizieren die Kinder gemeinsam im Sch\u00fclerorchester, bei unseren \u201eTrachtenkids\u201c. Hier k\u00f6nnen sich die Jungmusiker optimal in der Gruppe weiterentwickeln. Es sind Anf\u00e4nger dabei, die erst ein Jahr in Ausbildung sind, aber auch Kinder, die bereits 3-4 Jahre Erfahrung mitbringen. Alle Register sind besetzt, was neue M\u00f6glichkeiten in der Auswahl der St\u00fccke gibt. Konzertst\u00fccke wie \u201eDance Monkey\u201c oder \u201ePartyanimal\u201c geh\u00f6ren hier zum beliebten Repertoire der M\u00e4dels und Jungs. Der Auftritt beim Jahreskonzert des Musikvereins bildet sicher das Highlight f\u00fcr die Trachtenkids. Daneben bieten weitere Festauftritte eine B\u00fchne, um neu Erlerntes zu zeigen und B\u00fchnenerfahrung zu sammeln. So sind die Kinder bestens f\u00fcr den Eintritt in die Limes-Jugendkapelle vorbereitet.<\/p>\n\n\n\n<p>Der \u201eharte Flei\u00df\u201c der Probenarbeit wird mit tollen Freizeitaktivit\u00e4ten belohnt, wie z.B. bei Ausfl\u00fcgen in einen Freizeitpark oder ganzen Freizeitwochenenden, die das Jugendteam zusammen mit den Kindern j\u00e4hrlich plant. &nbsp;Hier geht\u2019s weniger um die Musik, hier lernt man f\u00fcrs Leben! Gemeinsam Kameradschaft erleben &#8211; Zusammenhalt in der Gruppe. Musik und Spa\u00df geh\u00f6ren einfach zusammen!<\/p>\n\n\n\n<h4 class=\"wp-block-heading\">Limes Jugendkapelle <\/h4>\n\n\n\n<p><strong>Eine Kooperation mit den Musikvereinen R\u00f6hlingen &#8211; Pfahlheim &#8211; Dalkingen<\/strong><\/p>\n\n\n\n<p>Die Kinder und Jugendlichen der Trachtenkapelle Pfahlheim spielen gemeinsam mit den Jugendlichen unserer befreundeten Vereine \u2013 dem Musikverein R\u00f6hlingen und dem Musikverein Dalkingen &#8211; in einem gemeinsamen Jugendorchester, der Limes Jugendkapelle. Die Freude am Musizieren und den gemeinsamen Aktivit\u00e4ten verbindet die Kinder und Jugendlichen der drei Vereine. Gemeinsam meistern sie \u00fcber das gesamte Jahr verschiedene Auftritte. Damit neben den w\u00f6chentlichen Proben die Geselligkeit nicht zu kurz kommt finden verschiedene Aktivit\u00e4ten, wie z.B. ein Jahresausflug, ein Probewochenende, ein Sommerabschluss und eine Weihnachtsfeier statt. Unter dem Motto \u201eMusik verbindet\u201c lernen die Jugendlichen so schon fr\u00fch alle Facetten des Vereinslebens kennen und kn\u00fcpfen Kontakte \u00fcber ihren eigenen Musikverein hinaus. Die Limes Jugendkapelle freut sich, Sie bei einem Ihrer Auftritte zu begr\u00fc\u00dfen.<\/p>\n","protected":false},"excerpt":{"rendered":"<p>Bl\u00e4serklasse \u2013 Der erste Schritt in eine Musikerkarriere Die Bl\u00e4serklasse ist im Musikverein der erste Schritt zum Erlernen eines Instruments und gemeinsamen Musizierens in einer Gruppe. Die Kinder k\u00f6nnen ab der 3. Klasse die Ausbildung an einem Blasinstrument starten. Oftmals beginnen die Kinder bereits in der zweiten Klasse in der Fl\u00f6tengruppe, um sich hier bereits &hellip; <\/p>\n<p class=\"link-more\"><a href=\"http:\/\/mvpfahlheim.de\/?page_id=17\" class=\"more-link\"><span class=\"screen-reader-text\">\u201eJugendorchester\u201c<\/span> weiterlesen<\/a><\/p>\n","protected":false},"author":1,"featured_media":0,"parent":0,"menu_order":0,"comment_status":"closed","ping_status":"closed","template":"","meta":{"footnotes":""},"class_list":["post-17","page","type-page","status-publish","hentry"],"_links":{"self":[{"href":"http:\/\/mvpfahlheim.de\/index.php?rest_route=\/wp\/v2\/pages\/17","targetHints":{"allow":["GET"]}}],"collection":[{"href":"http:\/\/mvpfahlheim.de\/index.php?rest_route=\/wp\/v2\/pages"}],"about":[{"href":"http:\/\/mvpfahlheim.de\/index.php?rest_route=\/wp\/v2\/types\/page"}],"author":[{"embeddable":true,"href":"http:\/\/mvpfahlheim.de\/index.php?rest_route=\/wp\/v2\/users\/1"}],"replies":[{"embeddable":true,"href":"http:\/\/mvpfahlheim.de\/index.php?rest_route=%2Fwp%2Fv2%2Fcomments&post=17"}],"version-history":[{"count":9,"href":"http:\/\/mvpfahlheim.de\/index.php?rest_route=\/wp\/v2\/pages\/17\/revisions"}],"predecessor-version":[{"id":288,"href":"http:\/\/mvpfahlheim.de\/index.php?rest_route=\/wp\/v2\/pages\/17\/revisions\/288"}],"wp:attachment":[{"href":"http:\/\/mvpfahlheim.de\/index.php?rest_route=%2Fwp%2Fv2%2Fmedia&parent=17"}],"curies":[{"name":"wp","href":"https:\/\/api.w.org\/{rel}","templated":true}]}}